{"id":84052,"date":"2023-01-08T02:22:02","date_gmt":"2023-01-08T01:22:02","guid":{"rendered":"https:\/\/flaviawasserfallen.spbe.spschweiz.ch\/flavia-wasserfallen\/"},"modified":"2025-06-12T13:23:52","modified_gmt":"2025-06-12T11:23:52","slug":"flavia-wasserfallen","status":"publish","type":"page","link":"https:\/\/flaviawasserfallen.ch\/fr\/","title":{"rendered":"HOME FR"},"content":{"rendered":"\t\t<div data-elementor-type=\"wp-page\" data-elementor-id=\"84052\" class=\"elementor elementor-84052 elementor-83825\" data-elementor-post-type=\"page\">\n\t\t\t\t\t\t<section class=\"elementor-section elementor-top-section elementor-element elementor-element-32a54fe elementor-section-boxed elementor-section-height-default elementor-section-height-default\" data-id=\"32a54fe\" data-element_type=\"section\" data-settings=\"{&quot;jet_parallax_layout_list&quot;:[]}\">\n\t\t\t\t\t\t<div class=\"elementor-container elementor-column-gap-default\">\n\t\t\t\t\t<div class=\"elementor-column elementor-col-100 elementor-top-column elementor-element elementor-element-bad86c6\" data-id=\"bad86c6\" data-element_type=\"column\">\n\t\t\t<div class=\"elementor-widget-wrap elementor-element-populated\">\n\t\t\t\t\n\t\t<div class=\"elementor-element elementor-element-c85e570 elementor-widget elementor-widget-spps_title_text\" data-id=\"c85e570\" data-element_type=\"widget\" data-widget_type=\"spps_title_text.default\">\n\t\t\t\t<div class=\"elementor-widget-container\">\n\t\t\t\t\t<div class=\"title-text-wrapper wrapper-spacing-default\"><div class=\"title-text-container\"><div class=\"title-text-text\"><p data-start=\"212\" data-end=\"639\">Depuis d\u00e9cembre 2023, je repr\u00e9sente le canton de Berne au Conseil des \u00c9tats. Le travail est vari\u00e9 et int\u00e9ressant. J\u2019ai pu faire passer ou marquer de mon empreinte certaines demandes, comme des am\u00e9liorations pour la prise en charge des personnes \u00e2g\u00e9es, une protection renforc\u00e9e de la jeunesse contre le tabac, des mesures pour faire baisser le prix des m\u00e9dicaments ou le soutien au championnat d'Europe de football f\u00e9minin 2025.<\/p><p data-start=\"644\" data-end=\"1081\">J\u2019ai d\u00e9fendu d\u2019autres causes en dehors du Parlement, notamment lors des campagnes de votation, et je me r\u00e9jouis que nous ayons obtenu des succ\u00e8s dans les urnes, gr\u00e2ce au oui \u00e0 la 13e rente AVS et au rejet de la r\u00e9forme de la LPP. Nous poursuivons actuellement ces discussions et je m\u2019engage dans la commission correspondante pour un financement durable de la pr\u00e9voyance vieillesse et contre un rel\u00e8vement de l\u2019\u00e2ge de la retraite.<\/p><p data-start=\"1086\" data-end=\"1371\">Par ailleurs, la r\u00e9duction des fonds allou\u00e9s \u00e0 la formation, \u00e0 la recherche et \u00e0 l\u2019innovation me pr\u00e9occupe au sein de la commission de la formation. Dans la p\u00e9riode difficile et incertaine que nous traversons actuellement, il est fondamentalement erron\u00e9 de r\u00e9duire ces investissements.<\/p><p data-start=\"1376\" data-end=\"1546\">Si tu veux savoir ce qui r\u00e9ussit et ce qui \u00e9choue au St\u00f6ckli, ce qui me fait rire ou me d\u00e9sesp\u00e8re, et ce sur quoi je me casse la t\u00eate : alors inscris-toi \u00e0 ma newsletter.<\/p><\/div><\/div><\/div>\t\t\t\t<\/div>\n\t\t\t\t<\/div>\n\t\t\t\t<div class=\"elementor-element elementor-element-1ff89c5 elementor-widget__width-initial elementor-widget elementor-widget-image\" data-id=\"1ff89c5\" data-element_type=\"widget\" data-widget_type=\"image.default\">\n\t\t\t\t<div class=\"elementor-widget-container\">\n\t\t\t\t\t\t\t\t\t\t\t\t\t\t\t<img decoding=\"async\" src=\"https:\/\/flaviawasserfallen.ch\/wp-content\/uploads\/sites\/2\/2023\/01\/Flavia_Signature_black-300x122-1.png\" title=\"Flavia_Signature_black-300&#215;122\" alt=\"Flavia_Signature_black-300x122\" loading=\"lazy\" \/>\t\t\t\t\t\t\t\t\t\t\t\t\t\t\t<\/div>\n\t\t\t\t<\/div>\n\t\t\t\t<div class=\"elementor-element elementor-element-0a2c582 elementor-widget elementor-widget-spps_title_text\" data-id=\"0a2c582\" data-element_type=\"widget\" data-widget_type=\"spps_title_text.default\">\n\t\t\t\t<div class=\"elementor-widget-container\">\n\t\t\t\t\t<div class=\"title-text-wrapper \"><div class=\"title-text-container\"><div class=\"title-text-text\"><p>Flavia Wasserfallen<\/p>\n<\/div><\/div><\/div>\t\t\t\t<\/div>\n\t\t\t\t<\/div>\n\t\t\t\t<div class=\"elementor-element elementor-element-d7bce5b elementor-widget elementor-widget-spps_button_list\" data-id=\"d7bce5b\" data-element_type=\"widget\" data-widget_type=\"spps_button_list.default\">\n\t\t\t\t<div class=\"elementor-widget-container\">\n\t\t\t\t\t<div class=\"button-list-wrapper wrapper-spacing-small  \"><div class=\"button-list-title\"><h3>Actualit\u00e9s<\/h3><\/div><div class=\"button-list-container\"><div class=\"button-list-items\"><div class=\"button-list-item\"><div class=\"button-wrapper button-wrapper-show-media-date\"><a href=\"https:\/\/flaviawasserfallen.ch\/fr\/blog\/2023\/04\/04\/stopper-des-maintenant-le-depart-de-personnes-qualifiees-dans-le-domaine-de-la-sante\/\"  target=\"_self\" class=\"button-link button-link-default\" >Stopper d\u00e8s maintenant le d\u00e9part de personnes qualifi\u00e9es dans le domaine de la sant\u00e9!<span class=\"button-media-date\">04.04.2023<\/span><\/a><\/div><\/div><div class=\"button-list-item\"><div class=\"button-wrapper button-wrapper-show-media-date\"><a href=\"https:\/\/flaviawasserfallen.ch\/fr\/blog\/2022\/10\/25\/une-passe-decisive-pour-le-canton-de-berne\/\"  target=\"_self\" class=\"button-link button-link-default\" >Une passe d\u00e9cisive pour le canton de Berne!<span class=\"button-media-date\">25.10.2022<\/span><\/a><\/div><\/div><div class=\"button-list-item\"><div class=\"button-wrapper button-wrapper-show-media-date\"><a href=\"https:\/\/flaviawasserfallen.ch\/fr\/blog\/2022\/10\/08\/alleger-les-primes-dassurance-maladie\/\"  target=\"_self\" class=\"button-link button-link-default\" >All\u00e9ger les primes d'assurance maladie<span class=\"button-media-date\">08.10.2022<\/span><\/a><\/div><\/div><div class=\"button-list-item\"><div class=\"button-wrapper button-wrapper-show-media-date\"><a href=\"https:\/\/flaviawasserfallen.ch\/fr\/blog\/2022\/05\/10\/oui-a-la-vie-oui-a-la-loi-sur-la-transplantation\/\"  target=\"_self\" class=\"button-link button-link-default\" >OUI \u00e0 la vie - OUI \u00e0 la loi sur la transplantation<span class=\"button-media-date\">10.05.2022<\/span><\/a><\/div><\/div><\/div><\/div><\/div>\t\t\t\t<\/div>\n\t\t\t\t<\/div>\n\t\t\t\t\t<\/div>\n\t\t<\/div>\n\t\t\t\t\t<\/div>\n\t\t<\/section>\n\t\t\t\t<\/div>\n\t\t","protected":false},"excerpt":{"rendered":"<p>Depuis d\u00e9cembre 2023, je repr\u00e9sente le canton de Berne au Conseil des \u00c9tats. Le travail est vari\u00e9 et int\u00e9ressant. J\u2019ai pu faire passer ou marquer de mon empreinte certaines demandes, [&hellip;]<\/p>\n","protected":false},"author":4,"featured_media":0,"parent":0,"menu_order":0,"comment_status":"closed","ping_status":"closed","template":"","meta":{"footnotes":""},"class_list":["post-84052","page","type-page","status-publish","hentry"],"_links":{"self":[{"href":"https:\/\/flaviawasserfallen.ch\/fr\/wp-json\/wp\/v2\/pages\/84052","targetHints":{"allow":["GET"]}}],"collection":[{"href":"https:\/\/flaviawasserfallen.ch\/fr\/wp-json\/wp\/v2\/pages"}],"about":[{"href":"https:\/\/flaviawasserfallen.ch\/fr\/wp-json\/wp\/v2\/types\/page"}],"author":[{"embeddable":true,"href":"https:\/\/flaviawasserfallen.ch\/fr\/wp-json\/wp\/v2\/users\/4"}],"replies":[{"embeddable":true,"href":"https:\/\/flaviawasserfallen.ch\/fr\/wp-json\/wp\/v2\/comments?post=84052"}],"version-history":[{"count":35,"href":"https:\/\/flaviawasserfallen.ch\/fr\/wp-json\/wp\/v2\/pages\/84052\/revisions"}],"predecessor-version":[{"id":86379,"href":"https:\/\/flaviawasserfallen.ch\/fr\/wp-json\/wp\/v2\/pages\/84052\/revisions\/86379"}],"wp:attachment":[{"href":"https:\/\/flaviawasserfallen.ch\/fr\/wp-json\/wp\/v2\/media?parent=84052"}],"curies":[{"name":"wp","href":"https:\/\/api.w.org\/{rel}","templated":true}]}}