
{"id":84541,"date":"2023-03-28T11:31:56","date_gmt":"2023-03-28T09:31:56","guid":{"rendered":"https:\/\/flaviawasserfallen.ch\/?page_id=84541"},"modified":"2025-05-05T15:59:00","modified_gmt":"2025-05-05T13:59:00","slug":"sur-moi","status":"publish","type":"page","link":"https:\/\/flaviawasserfallen.ch\/fr\/sur-moi\/","title":{"rendered":"SUR MOI"},"content":{"rendered":"\t\t<div data-elementor-type=\"wp-page\" data-elementor-id=\"84541\" class=\"elementor elementor-84541 elementor-84540\" data-elementor-post-type=\"page\">\n\t\t\t\t\t\t<section class=\"elementor-section elementor-top-section elementor-element elementor-element-385865f elementor-section-height-min-height elementor-section-items-bottom elementor-section-boxed elementor-section-height-default\" data-id=\"385865f\" data-element_type=\"section\" data-settings=\"{&quot;jet_parallax_layout_list&quot;:[],&quot;background_background&quot;:&quot;classic&quot;}\">\n\t\t\t\t\t\t\t<div class=\"elementor-background-overlay\"><\/div>\n\t\t\t\t\t\t\t<div class=\"elementor-container elementor-column-gap-default\">\n\t\t\t\t\t<div class=\"elementor-column elementor-col-100 elementor-top-column elementor-element elementor-element-9f84a4d\" data-id=\"9f84a4d\" data-element_type=\"column\">\n\t\t\t<div class=\"elementor-widget-wrap elementor-element-populated\">\n\t\t\t\t\t\t<div class=\"elementor-element elementor-element-082f7e5 elementor-widget-divider--view-line elementor-widget elementor-widget-divider\" data-id=\"082f7e5\" data-element_type=\"widget\" data-widget_type=\"divider.default\">\n\t\t\t\t<div class=\"elementor-widget-container\">\n\t\t\t\t\t\t\t<div class=\"elementor-divider\">\n\t\t\t<span class=\"elementor-divider-separator\">\n\t\t\t\t\t\t<\/span>\n\t\t<\/div>\n\t\t\t\t\t\t<\/div>\n\t\t\t\t<\/div>\n\t\t\t\t\t<\/div>\n\t\t<\/div>\n\t\t\t\t\t<\/div>\n\t\t<\/section>\n\t\t\t\t<section class=\"elementor-section elementor-top-section elementor-element elementor-element-4bab1c9 elementor-section-boxed elementor-section-height-default elementor-section-height-default\" data-id=\"4bab1c9\" data-element_type=\"section\" data-settings=\"{&quot;jet_parallax_layout_list&quot;:[]}\">\n\t\t\t\t\t\t<div class=\"elementor-container elementor-column-gap-default\">\n\t\t\t\t\t<div class=\"elementor-column elementor-col-100 elementor-top-column elementor-element elementor-element-4164ecd\" data-id=\"4164ecd\" data-element_type=\"column\">\n\t\t\t<div class=\"elementor-widget-wrap elementor-element-populated\">\n\t\t\t\t\t\t<div class=\"elementor-element elementor-element-3a39087 elementor-widget elementor-widget-spps_button_list\" data-id=\"3a39087\" data-element_type=\"widget\" data-widget_type=\"spps_button_list.default\">\n\t\t\t\t<div class=\"elementor-widget-container\">\n\t\t\t\t\t<div class=\"button-list-wrapper wrapper-spacing-small  \"><div class=\"button-list-title\"><h3>Donn\u00e9es personnelles<\/h3><\/div><div class=\"button-list-container\"><div class=\"button-list-text\"><ul style ='list-style: none;'>\n<li style =\"background-image:url('https:\/\/flaviawasserfallen.ch\/wp-content\/plugins\/elementor\/assets\/images\/placeholder.png'); background-size:0px;\">Je suis n\u00e9e le 7 f\u00e9vrier 1979 \u00e0 Berne et j\u2019ai grandi avec mes deux fr\u00e8res \u00e0 Hinterkappelen.<\/li>\n<li style =\"background-image:url('https:\/\/flaviawasserfallen.ch\/wp-content\/plugins\/elementor\/assets\/images\/placeholder.png'); background-size:0px;\">En 1998, maturit\u00e9 au Gymnase Bern-Neufeld (type B).<\/li>\n<li style =\"background-image:url('https:\/\/flaviawasserfallen.ch\/wp-content\/plugins\/elementor\/assets\/images\/placeholder.png'); background-size:0px;\">De 2000 \u00e0 2007, \u00e9tudes \u00e0 l\u2019Universit\u00e9 de Berne (sciences politiques en branche principale et \u00e9conomie politique en branche secondaire, y compris un semestre Erasmus \u00e0 Bologne).<\/li>\n<li style =\"background-image:url('https:\/\/flaviawasserfallen.ch\/wp-content\/plugins\/elementor\/assets\/images\/placeholder.png'); background-size:0px;\">Aujourd\u2019hui, je vis avec mon \u00e9poux et mes trois enfants (2008, 2012, 2016) en ville de Berne<\/li>\n<\/ul>\n<\/div><\/div><\/div>\t\t\t\t<\/div>\n\t\t\t\t<\/div>\n\t\t\t\t\t<\/div>\n\t\t<\/div>\n\t\t\t\t\t<\/div>\n\t\t<\/section>\n\t\t\t\t<section class=\"elementor-section elementor-top-section elementor-element elementor-element-1e5e640 elementor-section-boxed elementor-section-height-default elementor-section-height-default\" data-id=\"1e5e640\" data-element_type=\"section\" data-settings=\"{&quot;jet_parallax_layout_list&quot;:[],&quot;background_background&quot;:&quot;classic&quot;}\">\n\t\t\t\t\t\t<div class=\"elementor-container elementor-column-gap-default\">\n\t\t\t\t\t<div class=\"elementor-column elementor-col-100 elementor-top-column elementor-element elementor-element-f575467\" data-id=\"f575467\" data-element_type=\"column\">\n\t\t\t<div class=\"elementor-widget-wrap elementor-element-populated\">\n\t\t\t\t\t\t<div class=\"elementor-element elementor-element-7fc1661 elementor-widget elementor-widget-image\" data-id=\"7fc1661\" data-element_type=\"widget\" data-widget_type=\"image.default\">\n\t\t\t\t<div class=\"elementor-widget-container\">\n\t\t\t\t\t\t\t\t\t\t\t\t\t\t\t<img fetchpriority=\"high\" decoding=\"async\" width=\"800\" height=\"600\" src=\"https:\/\/flaviawasserfallen.ch\/wp-content\/uploads\/sites\/2\/2023\/04\/Foto-fu\u0308r-Fotogalerie-u\u0308ber-mich-4-1024x768.jpg\" class=\"attachment-large size-large wp-image-84729\" alt=\"\" srcset=\"https:\/\/flaviawasserfallen.ch\/wp-content\/uploads\/sites\/2\/2023\/04\/Foto-fu\u0308r-Fotogalerie-u\u0308ber-mich-4-1024x768.jpg 1024w, https:\/\/flaviawasserfallen.ch\/wp-content\/uploads\/sites\/2\/2023\/04\/Foto-fu\u0308r-Fotogalerie-u\u0308ber-mich-4-300x225.jpg 300w, https:\/\/flaviawasserfallen.ch\/wp-content\/uploads\/sites\/2\/2023\/04\/Foto-fu\u0308r-Fotogalerie-u\u0308ber-mich-4-768x576.jpg 768w, https:\/\/flaviawasserfallen.ch\/wp-content\/uploads\/sites\/2\/2023\/04\/Foto-fu\u0308r-Fotogalerie-u\u0308ber-mich-4-1536x1152.jpg 1536w, https:\/\/flaviawasserfallen.ch\/wp-content\/uploads\/sites\/2\/2023\/04\/Foto-fu\u0308r-Fotogalerie-u\u0308ber-mich-4-2048x1536.jpg 2048w\" sizes=\"(max-width: 800px) 100vw, 800px\" \/>\t\t\t\t\t\t\t\t\t\t\t\t\t\t\t<\/div>\n\t\t\t\t<\/div>\n\t\t\t\t\t<\/div>\n\t\t<\/div>\n\t\t\t\t\t<\/div>\n\t\t<\/section>\n\t\t\t\t<section class=\"elementor-section elementor-top-section elementor-element elementor-element-0d622a2 elementor-section-boxed elementor-section-height-default elementor-section-height-default\" data-id=\"0d622a2\" data-element_type=\"section\" data-settings=\"{&quot;jet_parallax_layout_list&quot;:[]}\">\n\t\t\t\t\t\t<div class=\"elementor-container elementor-column-gap-default\">\n\t\t\t\t\t<div class=\"elementor-column elementor-col-100 elementor-top-column elementor-element elementor-element-609266d\" data-id=\"609266d\" data-element_type=\"column\">\n\t\t\t<div class=\"elementor-widget-wrap elementor-element-populated\">\n\t\t\t\t\t\t<div class=\"elementor-element elementor-element-8d88fbc elementor-widget elementor-widget-spps_button_list\" data-id=\"8d88fbc\" data-element_type=\"widget\" data-widget_type=\"spps_button_list.default\">\n\t\t\t\t<div class=\"elementor-widget-container\">\n\t\t\t\t\t<div class=\"button-list-wrapper wrapper-spacing-small  \"><div class=\"button-list-title\"><h3>Parcours professionnel<\/h3><\/div><div class=\"button-list-container\"><div class=\"button-list-text\"><ul style ='list-style: none;'>\n<li style =\"background-image:url('https:\/\/flaviawasserfallen.ch\/wp-content\/plugins\/elementor\/assets\/images\/placeholder.png'); background-size:0px;\">Depuis 2017, membre du Conseil d\u2019administration\u00a0de\u00a0<a href=\"https:\/\/www.ewb.ch\/\">ewb<\/a>.<\/li>\n<li style =\"background-image:url('https:\/\/flaviawasserfallen.ch\/wp-content\/plugins\/elementor\/assets\/images\/placeholder.png'); background-size:0px;\">De 2012 \u00e0 2018, co-secr\u00e9taire g\u00e9n\u00e9rale du\u00a0<a href=\"https:\/\/www.sp-ps.ch\/fr\/\">PS suisse<\/a>.<\/li>\n<li style =\"background-image:url('https:\/\/flaviawasserfallen.ch\/wp-content\/plugins\/elementor\/assets\/images\/placeholder.png'); background-size:0px;\">De 2006 \u00e0 2012, collaboratrice de la Section des affaires du Conseil f\u00e9d\u00e9ral et du Parlement \u00e0 l\u2019Office f\u00e9d\u00e9ral de l\u2019\u00e9nergie (<a href=\"https:\/\/www.bfe.admin.ch\/bfe\/fr\/home.html\">OFEN<\/a>).<\/li>\n<li style =\"background-image:url('https:\/\/flaviawasserfallen.ch\/wp-content\/plugins\/elementor\/assets\/images\/placeholder.png'); background-size:0px;\">En 2010, membre fondatrice de\u00a0<a href=\"https:\/\/bioabi.ch\/\">Bioabi<\/a>, aujourd\u2019hui pr\u00e9sidente.<\/li>\n<li style =\"background-image:url('https:\/\/flaviawasserfallen.ch\/wp-content\/plugins\/elementor\/assets\/images\/placeholder.png'); background-size:0px;\">De 1999 \u00e0 2008, engagements en qualit\u00e9 de professeur de Snowboard (degr\u00e9 1 de Swiss Snowsports) \u00e0\u00a0<a href=\"http:\/\/www.ess-zinal.ch\/\">Zinal VS<\/a>.<\/li>\n<li style =\"background-image:url('https:\/\/flaviawasserfallen.ch\/wp-content\/plugins\/elementor\/assets\/images\/placeholder.png'); background-size:0px;\">De 1999 \u00e0 2001, diff\u00e9rents jobs dans le domaine de la restauration, collaboratrice \u00e0 la biblioth\u00e8que de la Ville et de l\u2019Universit\u00e9 de Berne.<\/li>\n<\/ul>\n<\/div><\/div><\/div>\t\t\t\t<\/div>\n\t\t\t\t<\/div>\n\t\t\t\t\t<\/div>\n\t\t<\/div>\n\t\t\t\t\t<\/div>\n\t\t<\/section>\n\t\t\t\t<section class=\"elementor-section elementor-top-section elementor-element elementor-element-646fad5 elementor-section-boxed elementor-section-height-default elementor-section-height-default\" data-id=\"646fad5\" data-element_type=\"section\" data-settings=\"{&quot;jet_parallax_layout_list&quot;:[],&quot;background_background&quot;:&quot;classic&quot;}\">\n\t\t\t\t\t\t<div class=\"elementor-container elementor-column-gap-default\">\n\t\t\t\t\t<div class=\"elementor-column elementor-col-100 elementor-top-column elementor-element elementor-element-c2a6d30\" data-id=\"c2a6d30\" data-element_type=\"column\">\n\t\t\t<div class=\"elementor-widget-wrap elementor-element-populated\">\n\t\t\t\t\t\t<div class=\"elementor-element elementor-element-e05bc86 elementor-widget elementor-widget-image\" data-id=\"e05bc86\" data-element_type=\"widget\" data-widget_type=\"image.default\">\n\t\t\t\t<div class=\"elementor-widget-container\">\n\t\t\t\t\t\t\t\t\t\t\t\t\t\t\t<img decoding=\"async\" width=\"800\" height=\"450\" src=\"https:\/\/flaviawasserfallen.ch\/wp-content\/uploads\/sites\/2\/2025\/05\/Flavia_20250325_2056-1024x576.jpg\" class=\"attachment-large size-large wp-image-86226\" alt=\"\" srcset=\"https:\/\/flaviawasserfallen.ch\/wp-content\/uploads\/sites\/2\/2025\/05\/Flavia_20250325_2056-1024x576.jpg 1024w, https:\/\/flaviawasserfallen.ch\/wp-content\/uploads\/sites\/2\/2025\/05\/Flavia_20250325_2056-300x169.jpg 300w, https:\/\/flaviawasserfallen.ch\/wp-content\/uploads\/sites\/2\/2025\/05\/Flavia_20250325_2056-768x432.jpg 768w, https:\/\/flaviawasserfallen.ch\/wp-content\/uploads\/sites\/2\/2025\/05\/Flavia_20250325_2056-1536x864.jpg 1536w, https:\/\/flaviawasserfallen.ch\/wp-content\/uploads\/sites\/2\/2025\/05\/Flavia_20250325_2056-2048x1152.jpg 2048w\" sizes=\"(max-width: 800px) 100vw, 800px\" \/>\t\t\t\t\t\t\t\t\t\t\t\t\t\t\t<\/div>\n\t\t\t\t<\/div>\n\t\t\t\t\t<\/div>\n\t\t<\/div>\n\t\t\t\t\t<\/div>\n\t\t<\/section>\n\t\t\t\t<section class=\"elementor-section elementor-top-section elementor-element elementor-element-58ab96e elementor-section-boxed elementor-section-height-default elementor-section-height-default\" data-id=\"58ab96e\" data-element_type=\"section\" data-settings=\"{&quot;jet_parallax_layout_list&quot;:[]}\">\n\t\t\t\t\t\t<div class=\"elementor-container elementor-column-gap-default\">\n\t\t\t\t\t<div class=\"elementor-column elementor-col-100 elementor-top-column elementor-element elementor-element-34ea303\" data-id=\"34ea303\" data-element_type=\"column\">\n\t\t\t<div class=\"elementor-widget-wrap elementor-element-populated\">\n\t\t\t\t\t\t<div class=\"elementor-element elementor-element-be7141a elementor-widget elementor-widget-spps_button_list\" data-id=\"be7141a\" data-element_type=\"widget\" data-widget_type=\"spps_button_list.default\">\n\t\t\t\t<div class=\"elementor-widget-container\">\n\t\t\t\t\t<div class=\"button-list-wrapper wrapper-spacing-small  \"><div class=\"button-list-title\"><h3>Parcours politique et appartenance associative<\/h3><\/div><div class=\"button-list-container\"><div class=\"button-list-text\"><ul style ='list-style: none;'><li style =\"background-image:url('https:\/\/flaviawasserfallen.ch\/wp-content\/plugins\/elementor\/assets\/images\/placeholder.png'); background-size:0px;\">Depuis 2025 Pr\u00e9sidente du conseil de fondation <a href=\"https:\/\/www.equam.ch\/fr\/\">EQUAM<\/a><\/li><li style =\"background-image:url('https:\/\/flaviawasserfallen.ch\/wp-content\/plugins\/elementor\/assets\/images\/placeholder.png'); background-size:0px;\">Depuis 2024 Pr\u00e9sidente du conseil de fondation de <a href=\"https:\/\/www.swisstransplant.org\/fr\/\">Swisstransplant<\/a><\/li><li style =\"background-image:url('https:\/\/flaviawasserfallen.ch\/wp-content\/plugins\/elementor\/assets\/images\/placeholder.png'); background-size:0px;\">Depuis 2024 Pr\u00e9sidente de <a href=\"https:\/\/www.geliko.ch\/fr\/bienvenue\/\">Geliko - Conf\u00e9rence suisse des ligues de la sant\u00e9<\/a><\/li><li style =\"background-image:url('https:\/\/flaviawasserfallen.ch\/wp-content\/plugins\/elementor\/assets\/images\/placeholder.png'); background-size:0px;\">Depuis 2023 Membre du Conseil des \u00c9tats<\/li><li style =\"background-image:url('https:\/\/flaviawasserfallen.ch\/wp-content\/plugins\/elementor\/assets\/images\/placeholder.png'); background-size:0px;\">Membre de la Commission du Conseil national de la s\u00e9curit\u00e9 sociale et de la sant\u00e9 publique (<a href=\"https:\/\/www.parlament.ch\/fr\/organe\/commissions\/commissions-thematiques\/commissions-csss\">CSSS-N<\/a>)<\/li><li style =\"background-image:url('https:\/\/flaviawasserfallen.ch\/wp-content\/plugins\/elementor\/assets\/images\/placeholder.png'); background-size:0px;\">Depuis mai 2022, membre du comit\u00e9 de l\u2019association Insertion Suisse\u00a0<a href=\"https:\/\/jobtimal.ch\/\">Jobtimal<\/a><\/li><li style =\"background-image:url('https:\/\/flaviawasserfallen.ch\/wp-content\/plugins\/elementor\/assets\/images\/placeholder.png'); background-size:0px;\">Depuis mars 2022, membre du conseil de fondation de\u00a0<a href=\"https:\/\/www.equam.ch\/fr\/\">EQUAM<\/a><\/li><li style =\"background-image:url('https:\/\/flaviawasserfallen.ch\/wp-content\/plugins\/elementor\/assets\/images\/placeholder.png'); background-size:0px;\">De 2021 \u00e0 2023, pr\u00e9sidente de l\u2019association fa\u00eeti\u00e8re <a href=\"https:\/\/www.patientenstelle.ch\/\">Dachverbands schweizerischer Patient*innenstellen<\/a><\/li><li style =\"background-image:url('https:\/\/flaviawasserfallen.ch\/wp-content\/plugins\/elementor\/assets\/images\/placeholder.png'); background-size:0px;\">De 2019 \u00e0 2024, pr\u00e9sidente de <a href=\"https:\/\/www.sf-mvb.ch\/\">l\u2019Association suisse des consultations parents-enfants<\/a><\/li><li style =\"background-image:url('https:\/\/flaviawasserfallen.ch\/wp-content\/plugins\/elementor\/assets\/images\/placeholder.png'); background-size:0px;\">Depuis le 29 mai 2018, membre du\u00a0<a href=\"https:\/\/www.parlament.ch\/fr\">Conseil national<\/a><\/li><li style =\"background-image:url('https:\/\/flaviawasserfallen.ch\/wp-content\/plugins\/elementor\/assets\/images\/placeholder.png'); background-size:0px;\">Depuis 2014, membre du syndicat\u00a0<a href=\"https:\/\/berne.ssp-vpod.ch\/\">SSP<\/a><\/li><li style =\"background-image:url('https:\/\/flaviawasserfallen.ch\/wp-content\/plugins\/elementor\/assets\/images\/placeholder.png'); background-size:0px;\">De 2017 \u00e0 2021, membre du comit\u00e9 de la Soci\u00e9t\u00e9 des employ\u00e9.e.s de commerce de Berne (<a href=\"https:\/\/www.kfmv.ch\/region\/bern-solothurn-aargau\">KV Bern<\/a>)<\/li><li style =\"background-image:url('https:\/\/flaviawasserfallen.ch\/wp-content\/plugins\/elementor\/assets\/images\/placeholder.png'); background-size:0px;\">De 2011 \u00e0 2022, membre du comit\u00e9 de\u00a0<a href=\"https:\/\/www.provelobern.ch\/\">Pro Velo Bern<\/a><\/li><li style =\"background-image:url('https:\/\/flaviawasserfallen.ch\/wp-content\/plugins\/elementor\/assets\/images\/placeholder.png'); background-size:0px;\">De 2010 \u00e0 2012, co-pr\u00e9sidente du PS de la Ville de Berne (<a href=\"http:\/\/www.sp-bern.ch\/\">SP Stadt Bern\u00a0<\/a>)<\/li><li style =\"background-image:url('https:\/\/flaviawasserfallen.ch\/wp-content\/plugins\/elementor\/assets\/images\/placeholder.png'); background-size:0px;\">De 2002 \u00e0 2012, membre et porte-parole du groupe PS de diff\u00e9rentes commissions parlementaires (r\u00e9vision de la loi sur les imp\u00f4ts, loi sur l\u2019\u00e9nergie, concentration des sites de la Haute \u00e9cole sp\u00e9cialis\u00e9e bernoise (BFH), droit de vote pour les \u00e9trangers, etc.)<\/li><li style =\"background-image:url('https:\/\/flaviawasserfallen.ch\/wp-content\/plugins\/elementor\/assets\/images\/placeholder.png'); background-size:0px;\">De 2006 \u00e0 2010, vice-pr\u00e9sidente du groupe parlementaire du PS au sein du Grand conseil bernois<\/li><li style =\"background-image:url('https:\/\/flaviawasserfallen.ch\/wp-content\/plugins\/elementor\/assets\/images\/placeholder.png'); background-size:0px;\">De 2007 \u00e0 2011, membre de la commission d\u2019expert.e.s cantonale de promotion de la sant\u00e9 et de lutte contre les d\u00e9pendances<\/li><li style =\"background-image:url('https:\/\/flaviawasserfallen.ch\/wp-content\/plugins\/elementor\/assets\/images\/placeholder.png'); background-size:0px;\">De 2002 \u00e0 2012 membre du Grand Conseil du canton de Berne (<a href=\"https:\/\/www.gr.be.ch\/fr\/start.html\">Grand Conseil<\/a>)<\/li><li style =\"background-image:url('https:\/\/flaviawasserfallen.ch\/wp-content\/plugins\/elementor\/assets\/images\/placeholder.png'); background-size:0px;\">En 2001, membre fondatrice de la Jeunesse socialiste de Wohlen et adh\u00e9sion au\u00a0<a href=\"https:\/\/www.sp-ps.ch\/fr\/\">PS<\/a><\/li><\/ul><\/div><\/div><\/div>\t\t\t\t<\/div>\n\t\t\t\t<\/div>\n\t\t\t\t\t<\/div>\n\t\t<\/div>\n\t\t\t\t\t<\/div>\n\t\t<\/section>\n\t\t\t\t<section class=\"elementor-section elementor-top-section elementor-element elementor-element-6234aca elementor-section-boxed elementor-section-height-default elementor-section-height-default\" data-id=\"6234aca\" data-element_type=\"section\" data-settings=\"{&quot;jet_parallax_layout_list&quot;:[],&quot;background_background&quot;:&quot;classic&quot;}\">\n\t\t\t\t\t\t<div class=\"elementor-container elementor-column-gap-default\">\n\t\t\t\t\t<div class=\"elementor-column elementor-col-100 elementor-top-column elementor-element elementor-element-20d2621\" data-id=\"20d2621\" data-element_type=\"column\">\n\t\t\t<div class=\"elementor-widget-wrap elementor-element-populated\">\n\t\t\t\t\t\t<div class=\"elementor-element elementor-element-b8059a0 elementor-widget elementor-widget-image\" data-id=\"b8059a0\" data-element_type=\"widget\" data-widget_type=\"image.default\">\n\t\t\t\t<div class=\"elementor-widget-container\">\n\t\t\t\t\t\t\t\t\t\t\t\t\t\t\t<img decoding=\"async\" width=\"2000\" height=\"1333\" src=\"https:\/\/flaviawasserfallen.ch\/wp-content\/uploads\/sites\/2\/2023\/04\/Foto-fu\u0308r-Fotogalerie-u\u0308ber-mich-3-e1683278964752.jpg\" class=\"attachment-full size-full wp-image-84826\" alt=\"\" \/>\t\t\t\t\t\t\t\t\t\t\t\t\t\t\t<\/div>\n\t\t\t\t<\/div>\n\t\t\t\t\t<\/div>\n\t\t<\/div>\n\t\t\t\t\t<\/div>\n\t\t<\/section>\n\t\t\t\t<section class=\"elementor-section elementor-top-section elementor-element elementor-element-3808ccc elementor-section-boxed elementor-section-height-default elementor-section-height-default\" data-id=\"3808ccc\" data-element_type=\"section\" data-settings=\"{&quot;jet_parallax_layout_list&quot;:[]}\">\n\t\t\t\t\t\t<div class=\"elementor-container elementor-column-gap-default\">\n\t\t\t\t\t<div class=\"elementor-column elementor-col-100 elementor-top-column elementor-element elementor-element-4d138e9\" data-id=\"4d138e9\" data-element_type=\"column\">\n\t\t\t<div class=\"elementor-widget-wrap elementor-element-populated\">\n\t\t\t\t\t\t<div class=\"elementor-element elementor-element-74e7f03 elementor-widget elementor-widget-spps_button_list\" data-id=\"74e7f03\" data-element_type=\"widget\" data-widget_type=\"spps_button_list.default\">\n\t\t\t\t<div class=\"elementor-widget-container\">\n\t\t\t\t\t<div class=\"button-list-wrapper wrapper-spacing-small  \"><div class=\"button-list-title\"><h3>Transparence<\/h3><\/div><div class=\"button-list-container\"><div class=\"button-list-text\"><p>La confiance repose sur la transparence. C\u2019est pourquoi le PS s\u2019engage pour plus de transparence dans le financement de la politique. Voir aussi\u00a0<a href=\"https:\/\/transparenz-ja.ch\/fr\/\">https:\/\/transparenz-ja.ch\/fr\/<\/a><\/p><p class=\"\" data-start=\"35\" data-end=\"80\"><strong data-start=\"35\" data-end=\"80\">Revenus de mon activit\u00e9 politique en 2024<\/strong><\/p><p class=\"\" data-start=\"82\" data-end=\"476\">Les indemnit\u00e9s imposables (y compris l\u2019indemnit\u00e9 de pr\u00e9voyance) li\u00e9es \u00e0 mon mandat parlementaire se sont \u00e9lev\u00e9es \u00e0 74\u2019000 CHF. L\u2019indemnit\u00e9 non imposable s\u2019est \u00e9lev\u00e9e \u00e0 48\u2019000 CHF et comprend l\u2019indemnit\u00e9 de repas, l\u2019indemnit\u00e9 de d\u00e9placement ainsi que l\u2019indemnit\u00e9 annuelle pour les frais de personnel et de mat\u00e9riel. Cette indemnit\u00e9 me permet \u00e9galement de r\u00e9mun\u00e9rer ma collaboratrice personnelle.<\/p><p class=\"\" data-start=\"478\" data-end=\"836\">Pour mon mandat d\u2019administratrice chez ewb, j\u2019ai per\u00e7u 11\u2019600 CHF. Pour ma pr\u00e9sidence de l\u2019Association suisse des services de consultation parents-enfants (jusqu\u2019en mars 2024), j\u2019ai re\u00e7u 500 CHF au titre des jetons de pr\u00e9sence et des frais. En tant que membre du conseil de fondation d\u2019Equam, l\u2019indemnit\u00e9 s\u2019est \u00e9lev\u00e9e \u00e0 environ 900 CHF en jetons de pr\u00e9sence.<\/p><p class=\"\" data-start=\"838\" data-end=\"1107\">Pour ma fonction de pr\u00e9sidente de Swisstransplant, j\u2019ai per\u00e7u 3\u2019700 CHF en jetons de pr\u00e9sence et remboursements de frais. Pour la pr\u00e9sidence de la Geliko, j\u2019ai per\u00e7u 5\u2019000 CHF en jetons de pr\u00e9sence et remboursements de frais. Mes autres mandats n\u2019\u00e9taient pas r\u00e9mun\u00e9r\u00e9s.<\/p><p><strong>\u00c9lections 2023<\/strong><\/p><p>Je publierai sur mon site Internet le budget global de la campagne en vue de l\u2019\u00e9lection au Conseil des Etats 2023 ainsi que tous les dons individuels ou en nature d\u2019une valeur sup\u00e9rieure \u00e0 10 000 CHF par personne. Je respecterai le code d\u2019honneur des candidat.e.s au Conseil national et au Conseil des Etats.\u00a0<a href=\"https:\/\/www.sp-ps.ch\/fr\/faire-un-don\/reglement-sur-les-dons\/\">https:\/\/www.sp-ps.ch\/fr\/faire-un-don\/reglement-sur-les-dons\/<\/a>.<\/p><p>\u00a0<\/p><p><a href=\"https:\/\/flaviawasserfallen.ch\/wp-content\/uploads\/sites\/2\/2023\/12\/Budget-Flavia-Stand-01.12.2023.pdf\">Budget de l\u2019\u00e9lection au Conseil des Etats 2023<\/a><\/p><\/div><\/div><\/div>\t\t\t\t<\/div>\n\t\t\t\t<\/div>\n\t\t\t\t\t<\/div>\n\t\t<\/div>\n\t\t\t\t\t<\/div>\n\t\t<\/section>\n\t\t\t\t<section class=\"elementor-section elementor-top-section elementor-element elementor-element-9f7d8c1 elementor-section-boxed elementor-section-height-default elementor-section-height-default\" data-id=\"9f7d8c1\" data-element_type=\"section\" data-settings=\"{&quot;jet_parallax_layout_list&quot;:[]}\">\n\t\t\t\t\t\t<div class=\"elementor-container elementor-column-gap-default\">\n\t\t\t\t\t<div class=\"elementor-column elementor-col-100 elementor-top-column elementor-element elementor-element-2c2686a\" data-id=\"2c2686a\" data-element_type=\"column\">\n\t\t\t<div class=\"elementor-widget-wrap\">\n\t\t\t\t\t\t\t<\/div>\n\t\t<\/div>\n\t\t\t\t\t<\/div>\n\t\t<\/section>\n\t\t\t\t<section class=\"elementor-section elementor-top-section elementor-element elementor-element-d8d9547 elementor-section-boxed elementor-section-height-default elementor-section-height-default\" data-id=\"d8d9547\" data-element_type=\"section\" data-settings=\"{&quot;jet_parallax_layout_list&quot;:[]}\">\n\t\t\t\t\t\t<div class=\"elementor-container elementor-column-gap-default\">\n\t\t\t\t\t<div class=\"elementor-column elementor-col-100 elementor-top-column elementor-element elementor-element-a5c11a2\" data-id=\"a5c11a2\" data-element_type=\"column\">\n\t\t\t<div class=\"elementor-widget-wrap\">\n\t\t\t\t\t\t\t<\/div>\n\t\t<\/div>\n\t\t\t\t\t<\/div>\n\t\t<\/section>\n\t\t\t\t<\/div>\n\t\t","protected":false},"excerpt":{"rendered":"<p>Donn\u00e9es personnelles Je suis n\u00e9e le 7 f\u00e9vrier 1979 \u00e0 Berne et j\u2019ai grandi avec mes deux fr\u00e8res \u00e0 Hinterkappelen. En 1998, maturit\u00e9 au Gymnase Bern-Neufeld (type B). De 2000 [&hellip;]<\/p>\n","protected":false},"author":8,"featured_media":0,"parent":0,"menu_order":1,"comment_status":"closed","ping_status":"closed","template":"","meta":{"footnotes":""},"class_list":["post-84541","page","type-page","status-publish","hentry"],"_links":{"self":[{"href":"https:\/\/flaviawasserfallen.ch\/fr\/wp-json\/wp\/v2\/pages\/84541","targetHints":{"allow":["GET"]}}],"collection":[{"href":"https:\/\/flaviawasserfallen.ch\/fr\/wp-json\/wp\/v2\/pages"}],"about":[{"href":"https:\/\/flaviawasserfallen.ch\/fr\/wp-json\/wp\/v2\/types\/page"}],"author":[{"embeddable":true,"href":"https:\/\/flaviawasserfallen.ch\/fr\/wp-json\/wp\/v2\/users\/8"}],"replies":[{"embeddable":true,"href":"https:\/\/flaviawasserfallen.ch\/fr\/wp-json\/wp\/v2\/comments?post=84541"}],"version-history":[{"count":56,"href":"https:\/\/flaviawasserfallen.ch\/fr\/wp-json\/wp\/v2\/pages\/84541\/revisions"}],"predecessor-version":[{"id":86242,"href":"https:\/\/flaviawasserfallen.ch\/fr\/wp-json\/wp\/v2\/pages\/84541\/revisions\/86242"}],"wp:attachment":[{"href":"https:\/\/flaviawasserfallen.ch\/fr\/wp-json\/wp\/v2\/media?parent=84541"}],"curies":[{"name":"wp","href":"https:\/\/api.w.org\/{rel}","templated":true}]}}